{"id":2846,"date":"2015-08-01T21:17:21","date_gmt":"2015-08-01T21:17:21","guid":{"rendered":"http:\/\/vinoveritas.com.mo\/products\/uncategorized\/vertente-2006\/"},"modified":"2016-06-09T06:43:26","modified_gmt":"2016-06-09T06:43:26","slug":"vertente-2006","status":"publish","type":"product","link":"https:\/\/vinoveritas.com.mo\/pt\/products\/wines\/red\/vertente-2006\/","title":{"rendered":"Vertente"},"content":{"rendered":"<p>O Vertente prov\u00e9m de parcelas de vinhas com 25 anos da Quinta de N\u00e1poles e de vinhas velhas situadas nas enconstas do Rio Pinh\u00e3o, onde predominam a Touriga Franca e a Tinta Roriz. \u00c9 um vinho que apresenta um equilibrio \u00fanico entre concentra\u00e7\u00e3o, fruta, complexidade e eleg\u00e2ncia.<\/p>","protected":false},"excerpt":{"rendered":"<p>O Vertente prov\u00e9m de parcelas de vinhas com 25 anos da Quinta de N\u00e1poles e de vinhas velhas situadas nas enconstas do Rio Pinh\u00e3o, onde predominam a Touriga Franca e a Tinta Roriz. \u00c9 um vinho que apresenta um equilibrio \u00fanico entre concentra\u00e7\u00e3o, fruta, complexidade e eleg\u00e2ncia.<\/p>\n","protected":false},"featured_media":5548,"comment_status":"closed","ping_status":"closed","template":"","meta":{"_acf_changed":false},"product_cat":[6,12],"product_tag":[],"acf":[],"_links":{"self":[{"href":"https:\/\/vinoveritas.com.mo\/pt\/wp-json\/wp\/v2\/product\/2846"}],"collection":[{"href":"https:\/\/vinoveritas.com.mo\/pt\/wp-json\/wp\/v2\/product"}],"about":[{"href":"https:\/\/vinoveritas.com.mo\/pt\/wp-json\/wp\/v2\/types\/product"}],"replies":[{"embeddable":true,"href":"https:\/\/vinoveritas.com.mo\/pt\/wp-json\/wp\/v2\/comments?post=2846"}],"wp:featuredmedia":[{"embeddable":true,"href":"https:\/\/vinoveritas.com.mo\/pt\/wp-json\/wp\/v2\/media\/5548"}],"wp:attachment":[{"href":"https:\/\/vinoveritas.com.mo\/pt\/wp-json\/wp\/v2\/media?parent=2846"}],"wp:term":[{"taxonomy":"product_cat","embeddable":true,"href":"https:\/\/vinoveritas.com.mo\/pt\/wp-json\/wp\/v2\/product_cat?post=2846"},{"taxonomy":"product_tag","embeddable":true,"href":"https:\/\/vinoveritas.com.mo\/pt\/wp-json\/wp\/v2\/product_tag?post=2846"}],"curies":[{"name":"wp","href":"https:\/\/api.w.org\/{rel}","templated":true}]}}