{"id":36,"date":"2015-06-04T10:59:01","date_gmt":"2015-06-04T10:59:01","guid":{"rendered":"http:\/\/vinoveritas.com.mo\/?page_id=36"},"modified":"2023-10-20T08:28:36","modified_gmt":"2023-10-20T08:28:36","slug":"about","status":"publish","type":"page","link":"https:\/\/vinoveritas.com.mo\/pt\/about\/","title":{"rendered":"Acerca"},"content":{"rendered":"<p>Em Macau desde 1997, a Vino Veritas, pela m\u00e3o do seu fundador Tom\u00e1s Pimenta, coloca no mercado asi\u00e1tico o que de melhor se produz em Portugal. \u00c9 um dos maiores distribuidores de vinho e produtos alimentares em Macau e na \u00c1sia.<\/p>\n<p>A Vino Veritas \u00e9 o representante exclusivo das melhores marcas de vinhos, bem como de outros produtos alimentares portugueses, os quais t\u00eam vindo a afirmar-se em todo o Mundo, obtendo pr\u00e9mios nos maiores concursos internacionais e grande destaque em revistas da especialidade.<\/p>\n<p>Com uma equipa profissional e larga experi\u00eancia no mercado de Macau e de Hong Kong, a Vino Veritaspromove forma\u00e7\u00e3o na \u00e1rea dos vinhos, designadamente realiza\u00e7\u00e3o de workshops, ac\u00e7\u00f5es de aconselhamento e consultoria.<\/p>","protected":false},"excerpt":{"rendered":"<p>Em Macau desde 1997, a Vino Veritas, pela m\u00e3o do seu fundador Tom\u00e1s Pimenta, coloca no mercado asi\u00e1tico o que de melhor se produz em Portugal. \u00c9 um dos maiores distribuidores de vinho e produtos alimentares em Macau e na \u00c1sia. A Vino Veritas \u00e9 o representante exclusivo das melhores marcas de vinhos, bem como [&hellip;]<\/p>\n","protected":false},"author":1,"featured_media":0,"parent":0,"menu_order":0,"comment_status":"open","ping_status":"closed","template":"about.php","meta":{"_acf_changed":false,"footnotes":""},"acf":[],"_links":{"self":[{"href":"https:\/\/vinoveritas.com.mo\/pt\/wp-json\/wp\/v2\/pages\/36"}],"collection":[{"href":"https:\/\/vinoveritas.com.mo\/pt\/wp-json\/wp\/v2\/pages"}],"about":[{"href":"https:\/\/vinoveritas.com.mo\/pt\/wp-json\/wp\/v2\/types\/page"}],"author":[{"embeddable":true,"href":"https:\/\/vinoveritas.com.mo\/pt\/wp-json\/wp\/v2\/users\/1"}],"replies":[{"embeddable":true,"href":"https:\/\/vinoveritas.com.mo\/pt\/wp-json\/wp\/v2\/comments?post=36"}],"version-history":[{"count":11,"href":"https:\/\/vinoveritas.com.mo\/pt\/wp-json\/wp\/v2\/pages\/36\/revisions"}],"predecessor-version":[{"id":9466,"href":"https:\/\/vinoveritas.com.mo\/pt\/wp-json\/wp\/v2\/pages\/36\/revisions\/9466"}],"wp:attachment":[{"href":"https:\/\/vinoveritas.com.mo\/pt\/wp-json\/wp\/v2\/media?parent=36"}],"curies":[{"name":"wp","href":"https:\/\/api.w.org\/{rel}","templated":true}]}}